{"id":1729,"date":"2023-03-28T11:50:05","date_gmt":"2023-03-28T14:50:05","guid":{"rendered":"https:\/\/terralivre.local\/?page_id=1729"},"modified":"2024-11-06T21:00:32","modified_gmt":"2024-11-07T00:00:32","slug":"participar","status":"publish","type":"page","link":"https:\/\/terralivre.org.br\/en\/participar\/","title":{"rendered":"Participar"},"content":{"rendered":"\n<section id=\"section-c2193fb\" class=\"section-cc297be cc-sct\"><div id=\"section-c2193fb-wrapper\" class=\"section-cc297be-wrapper cc-wrapper\">\n<div id=\"div-c31de9d\" class=\"div-ca75ed3 tl-container-content-base tl-container-overlap-hero\">\n<div id=\"div-c506293\" class=\"div-c71c51f\">\n<div id=\"div-c6a191b\" class=\"div-c165b66\">\n<div id=\"div-ca9b6a1\" class=\"div-cb39cb7\">\n<img loading=\"lazy\" decoding=\"async\" id=\"image-c13dc22\" class=\"image-c00b6ae cc-img\" src=\"https:\/\/terralivre.org.br\/wp-content\/uploads\/ICONE-ILUST_SH-TRANSP_ST-OUTLINE-0128_COLOR-F5F5F5_TH-D__PARENT-CHILD.png\" srcset=\"\" sizes=\"auto, (max-width: 128px) 100vw, 128px\" width=\"128\" height=\"128\" alt=\"icone ilustrativo\"\/>\n\n\n\n<h2 id=\"heading-c692d5c\" class=\"heading-c978bff\">trazendo sua crian\u00e7a<\/h2>\n\n\n\n<span id=\"paragraph-cfbbad3\" class=\"paragraph-c0bc40b\">Estou precisando de apoio para cuidar da minha crian\u00e7a.<\/span>\n<\/div>\n\n\n\n<a id=\"button-cf6ddc6\" class=\"button-c657d7b tl-button-cta tl-button-cta-ghost-light cc-btn\">saiba mais<\/a>\n\n\n\n<div id=\"div-c38add2\" class=\"div-c7cc9a0\">\n<div id=\"icon-ce06505\" class=\"icon-cb2dc76 cc-icn\" data-tooltip=\"EM CONSTRU\u00c7\u00c3O\" data-tooltiparrow=\"true\" data-tooltipanimation=\"shift-toward\" data-tooltipplace=\"bottom\" data-tooltipduration=\"0.4\" data-theme=\"light\"><svg xmlns=\"http:\/\/www.w3.org\/2000\/svg\" viewBox=\"0 0 32 32\"><path d=\"M31.342 25.559l-14.392-12.336c0.67-1.259 1.051-2.696 1.051-4.222 0-4.971-4.029-9-9-9-0.909 0-1.787 0.135-2.614 0.386l5.2 5.2c0.778 0.778 0.778 2.051 0 2.828l-3.172 3.172c-0.778 0.778-2.051 0.778-2.828 0l-5.2-5.2c-0.251 0.827-0.386 1.705-0.386 2.614 0 4.971 4.029 9 9 9 1.526 0 2.963-0.38 4.222-1.051l12.336 14.392c0.716 0.835 1.938 0.882 2.716 0.104l3.172-3.172c0.778-0.778 0.731-2-0.104-2.716z\"><\/path><\/svg><\/div>\n\n\n\n<div id=\"div-c2e342d\" class=\"div-c3cf345\">\n<span id=\"paragraph-c7ca778\" class=\"paragraph-cece068 tl-heading-support\">em constru\u00e7\u00e3o<\/span>\n\n\n\n<span id=\"paragraph-c787bc0\" class=\"paragraph-c726744\">mais informa\u00e7\u00f5es em breve<\/span>\n<\/div>\n<\/div>\n<\/div>\n\n\n\n<div id=\"div-c8fbc96\" class=\"div-ca4cc92 div-c165b66\">\n<div id=\"div-ce64a30\" class=\"div-c327020 div-cb39cb7\">\n<img loading=\"lazy\" decoding=\"async\" id=\"image-c42da36\" class=\"image-ca0d4dd image-c00b6ae cc-img\" src=\"https:\/\/terralivre.org.br\/wp-content\/uploads\/ICONE-ILUST_SH-TRANSP_ST-OUTLINE-0128_COLOR-F5F5F5_TH-D__INVESTMENT.png\" srcset=\"\" sizes=\"auto, (max-width: 128px) 100vw, 128px\" width=\"128\" height=\"128\" alt=\"icone ilustrativo\"\/>\n\n\n\n<h2 id=\"heading-caaade2\" class=\"heading-cd50de6\">investindo na causa<\/h2>\n\n\n\n<span id=\"paragraph-c6fd6d4\" class=\"paragraph-cfb2e09\">Quero conhecer as 3 formas de investimento que posso escolher para contribuir com esta causa.<\/span>\n<\/div>\n\n\n\n<a id=\"button-cbfbc83\" class=\"button-ca91fc8 tl-button-cta tl-button-cta-ghost-dark cc-btn \" href=\"https:\/\/terralivre.org.br\/en\/investindo\/\">saiba mais<\/a>\n<\/div>\n\n\n\n<div id=\"div-c4e3c9e\" class=\"div-c2ae384 div-c165b66\">\n<div id=\"div-c027d11\" class=\"div-c03a645 div-cb39cb7\">\n<img loading=\"lazy\" decoding=\"async\" id=\"image-ce0f55a\" class=\"image-c21f3cf image-c00b6ae cc-img\" src=\"https:\/\/terralivre.org.br\/wp-content\/uploads\/ICONE-ILUST_SH-TRANSP_ST-OUTLINE-0128_COLOR-F5F5F5_TH-D__WORK-FORCE.png\" srcset=\"\" sizes=\"auto, (max-width: 128px) 100vw, 128px\" width=\"128\" height=\"128\" alt=\"icone ilustrativo\"\/>\n\n\n\n<h2 id=\"heading-cc7e7d4\" class=\"heading-c34cee8\">trabalhando conosco<\/h2>\n\n\n\n<span id=\"paragraph-c4f4121\" class=\"paragraph-cf0e7ed\">Quero me juntar \u00e0 equipe de trabalho para contribuir mais de perto com minha for\u00e7a de trabalho.<\/span>\n<\/div>\n\n\n\n<a id=\"button-cec7e8e\" class=\"button-cb9a174 tl-button-cta tl-button-cta-ghost-light cc-btn\">saiba mais<\/a>\n\n\n\n<div id=\"div-c26ce8c\" class=\"div-ce66d70\">\n<div id=\"icon-c3f9d99\" class=\"icon-c159cd3 cc-icn\" data-tooltip=\"EM CONSTRU\u00c7\u00c3O\" data-tooltiparrow=\"true\" data-tooltipanimation=\"shift-toward\" data-tooltipplace=\"bottom\" data-tooltipduration=\"0.4\" data-theme=\"light\"><svg xmlns=\"http:\/\/www.w3.org\/2000\/svg\" viewBox=\"0 0 32 32\"><path d=\"M31.342 25.559l-14.392-12.336c0.67-1.259 1.051-2.696 1.051-4.222 0-4.971-4.029-9-9-9-0.909 0-1.787 0.135-2.614 0.386l5.2 5.2c0.778 0.778 0.778 2.051 0 2.828l-3.172 3.172c-0.778 0.778-2.051 0.778-2.828 0l-5.2-5.2c-0.251 0.827-0.386 1.705-0.386 2.614 0 4.971 4.029 9 9 9 1.526 0 2.963-0.38 4.222-1.051l12.336 14.392c0.716 0.835 1.938 0.882 2.716 0.104l3.172-3.172c0.778-0.778 0.731-2-0.104-2.716z\"><\/path><\/svg><\/div>\n\n\n\n<div id=\"div-c4eb246\" class=\"div-cd28429\">\n<span id=\"paragraph-c93f98e\" class=\"paragraph-c56f340 tl-heading-support\">em constru\u00e7\u00e3o<\/span>\n\n\n\n<span id=\"paragraph-c23c811\" class=\"paragraph-c773330\">mais informa\u00e7\u00f5es em breve<\/span>\n<\/div>\n<\/div>\n<\/div>\n<\/div>\n<\/div>\n\n\n\n<img loading=\"lazy\" decoding=\"async\" id=\"image-c525f89\" class=\"image-c836862 cc-img\" src=\"https:\/\/terralivre.org.br\/wp-content\/uploads\/ARTEGRAFICA_P-PARTICIPAR_TEXTURA_OPCOES-PARTICIPACAO_001.png\" srcset=\"https:\/\/terralivre.org.br\/wp-content\/uploads\/ARTEGRAFICA_P-PARTICIPAR_TEXTURA_OPCOES-PARTICIPACAO_001.png 986w, https:\/\/terralivre.org.br\/wp-content\/uploads\/ARTEGRAFICA_P-PARTICIPAR_TEXTURA_OPCOES-PARTICIPACAO_001-300x194.png 300w, https:\/\/terralivre.org.br\/wp-content\/uploads\/ARTEGRAFICA_P-PARTICIPAR_TEXTURA_OPCOES-PARTICIPACAO_001-768x498.png 768w\" sizes=\"auto, (max-width: 986px) 100vw, 986px\" width=\"986\" height=\"639\" alt=\"textura de fundo\"\/>\n<\/div><\/section>\n\n\n\n<section id=\"informativo\" class=\"section-c59849d cc-sct\"><div id=\"informativo-wrapper\" class=\"section-c59849d-wrapper cc-wrapper\">\n<div id=\"div-c33a405\" class=\"div-cbbc9be tl-container-content-base\">\n<div id=\"div-c4b16b9\" class=\"div-cae792c tl-effect-shadow-panel\">\n<div id=\"div-c5b7668\" class=\"div-c3c35a7\">\n<h1 id=\"heading-cdcbfee\" class=\"heading-c50b707\">Quer manter contato conosco?<\/h1>\n\n\n\n<p id=\"paragraph-ca944f7\" class=\"paragraph-c196977\">Voc\u00ea tamb\u00e9m pode participar mantendo contato conosco atrav\u00e9s do nosso informativo. Te enviaremos por email, em primeira m\u00e3o, nossas novidades sobre not\u00edcias, eventos, conte\u00fados etc. voc\u00ea ficar\u00e1 por dentro de tudo que acontece no Terra Livre e sempre que desejar pode responder aos emails com qualquer coment\u00e1rio que queira nos enviar.<\/p>\n<\/div>\n<\/div>\n\n\n\n<div id=\"div-cda87f2\" class=\"div-c11ec68\">\n<span id=\"paragraph-c3a08a5\" class=\"paragraph-c33cee7 tl-text-item\">Para receber o informativo, basta nos enviar o seu nome e o seu email atrav\u00e9s dos campos abaixo.<\/span>\n\n\n\n<div id=\"div-cd4f26b\" class=\"div-c835e2f\">\n<form id=\"mc-embedded-subscribe-form\" class=\"div-c49ad57\" name=\"mc-embedded-subscribe-form\" action=\"https:\/\/terralivre.us3.list-manage.com\/subscribe\/post?u=507e6b4b35fba1c7f787647f4&amp;id=6746e2e954&amp;v_id=4861&amp;f_id=00b263e2f0\" method=\"post\" target=\"_blank\">\n<input id=\"input-cba4f6c\" class=\"input-cfad821 tl-form-input-text\" name=\"FNAME\" required type=\"text\" placeholder=\"nome completo\" inputmode=\"text\"\/>\n\n\n\n<input id=\"input-c2f8dd0\" class=\"input-c1893d7 tl-form-input-text\" name=\"EMAIL\" required type=\"email\" placeholder=\"e-mail\" inputmode=\"email\"\/>\n\n\n\n<div id=\"div-c56a9d0\" class=\"div-c287cea\">\n<input id=\"input-c11c2d0\" class=\"input-c692334\" name=\"tags\" type=\"hidden\" value=\"10195310\"\/>\n<\/div>\n\n\n\n<input id=\"mc-embedded-subscribe\" class=\"input-cdcbc23 tl-button-cta tl-button-cta-default-dark\" name=\"subscribe\" type=\"submit\" value=\"quero receber\"\/>\n<\/form>\n\n\n\n<div id=\"mce-responses\" class=\"div-cfab5de\">\n<div id=\"mce-error-response\" class=\"div-cb54a5c\" style=\"display: none;\"><\/div>\n\n\n\n<div id=\"mce-success-response\" class=\"div-cc7e4de\" style=\"display: none;\"><\/div>\n<\/div>\n<\/div>\n\n\n\n<div id=\"div-c3a90e0\" class=\"div-ca06eed\">\n<input id=\"input-c6c870e\" class=\"input-c3016a3 tl-form-input-text\" type=\"text\" placeholder=\"nome\" disabled\/>\n\n\n\n<input id=\"input-cd338dd\" class=\"input-c307f45 tl-form-input-text\" type=\"text\" placeholder=\"e-mail\" disabled\/>\n\n\n\n<button id=\"button-c2e2213\" class=\"button-c21952e tl-button-cta tl-button-cta-default-dark tl-button-disabled cc-btn\" disabled>quero receber<\/button>\n\n\n\n<div id=\"div-c487cb9\" class=\"div-cdd7741\">\n<div id=\"icon-cefa192\" class=\"icon-c7f0f57 cc-icn\" data-tooltip=\"EM CONSTRU\u00c7\u00c3O\" data-tooltiparrow=\"true\" data-tooltipanimation=\"shift-toward\" data-tooltipplace=\"bottom\" data-tooltipduration=\"0.4\" data-theme=\"light\"><svg xmlns=\"http:\/\/www.w3.org\/2000\/svg\" viewBox=\"0 0 32 32\"><path d=\"M31.342 25.559l-14.392-12.336c0.67-1.259 1.051-2.696 1.051-4.222 0-4.971-4.029-9-9-9-0.909 0-1.787 0.135-2.614 0.386l5.2 5.2c0.778 0.778 0.778 2.051 0 2.828l-3.172 3.172c-0.778 0.778-2.051 0.778-2.828 0l-5.2-5.2c-0.251 0.827-0.386 1.705-0.386 2.614 0 4.971 4.029 9 9 9 1.526 0 2.963-0.38 4.222-1.051l12.336 14.392c0.716 0.835 1.938 0.882 2.716 0.104l3.172-3.172c0.778-0.778 0.731-2-0.104-2.716z\"><\/path><\/svg><\/div>\n\n\n\n<div id=\"div-c5a54ee\" class=\"div-c358f35\">\n<span id=\"paragraph-c5f4718\" class=\"paragraph-c5d1579 tl-heading-support\">em constru\u00e7\u00e3o<\/span>\n\n\n\n<span id=\"paragraph-c49fd97\" class=\"paragraph-c0660ea\">mais informa\u00e7\u00f5es em breve<\/span>\n<\/div>\n<\/div>\n<\/div>\n\n\n\n<img loading=\"lazy\" decoding=\"async\" id=\"image-c458a2a\" class=\"image-c625222 cc-img\" src=\"https:\/\/terralivre.org.br\/wp-content\/uploads\/ILUSTRACAO_G_ELEMENTO_CARTA-ENVELOPE-ABERTO.png\" srcset=\"https:\/\/terralivre.org.br\/wp-content\/uploads\/ILUSTRACAO_G_ELEMENTO_CARTA-ENVELOPE-ABERTO.png 446w, https:\/\/terralivre.org.br\/wp-content\/uploads\/ILUSTRACAO_G_ELEMENTO_CARTA-ENVELOPE-ABERTO-300x269.png 300w\" sizes=\"auto, (max-width: 446px) 100vw, 446px\" width=\"446\" height=\"400\" alt=\"ilustracao\"\/>\n<\/div>\n<\/div>\n<\/div><\/section>\n\n\n\n<script type=\"text\/javascript\" src=\"https:\/\/s3.amazonaws.com\/downloads.mailchimp.com\/js\/mc-validate.js\"><\/script>\n\n\n","protected":false},"excerpt":{"rendered":"","protected":false},"author":1,"featured_media":0,"parent":0,"menu_order":9,"comment_status":"closed","ping_status":"closed","template":"","meta":{"_acf_changed":false,"footnotes":""},"class_list":["post-1729","page","type-page","status-publish","hentry"],"acf":[],"_links":{"self":[{"href":"https:\/\/terralivre.org.br\/en\/wp-json\/wp\/v2\/pages\/1729","targetHints":{"allow":["GET"]}}],"collection":[{"href":"https:\/\/terralivre.org.br\/en\/wp-json\/wp\/v2\/pages"}],"about":[{"href":"https:\/\/terralivre.org.br\/en\/wp-json\/wp\/v2\/types\/page"}],"author":[{"embeddable":true,"href":"https:\/\/terralivre.org.br\/en\/wp-json\/wp\/v2\/users\/1"}],"replies":[{"embeddable":true,"href":"https:\/\/terralivre.org.br\/en\/wp-json\/wp\/v2\/comments?post=1729"}],"version-history":[{"count":0,"href":"https:\/\/terralivre.org.br\/en\/wp-json\/wp\/v2\/pages\/1729\/revisions"}],"wp:attachment":[{"href":"https:\/\/terralivre.org.br\/en\/wp-json\/wp\/v2\/media?parent=1729"}],"curies":[{"name":"wp","href":"https:\/\/api.w.org\/{rel}","templated":true}]}}