{"id":1468,"date":"2023-03-15T11:10:22","date_gmt":"2023-03-15T14:10:22","guid":{"rendered":"https:\/\/terralivre.local\/?page_id=1468"},"modified":"2024-11-06T21:00:28","modified_gmt":"2024-11-07T00:00:28","slug":"sobre","status":"publish","type":"page","link":"https:\/\/terralivre.org.br\/en\/sobre\/","title":{"rendered":"Sobre a Organiza\u00e7\u00e3o"},"content":{"rendered":"\n<section id=\"section-c59e67e\" class=\"section-cc7467b cc-sct\"><div id=\"section-c59e67e-wrapper\" class=\"section-cc7467b-wrapper cc-wrapper\">\n<div id=\"div-ccd4cdb\" class=\"div-c28ee62 tl-container-content-base\">\n<div id=\"div-cee40aa\" class=\"div-c9f2402 tl-effect-shadow-panel\">\n<div id=\"div-c2eda2b\" class=\"div-cec6a7e tl-text-quote-standalone-big\">\n<p id=\"paragraph-ce6e893\" class=\"paragraph-c766566\">A ONG Terra Livre visa trazer um pouco de JUSTI\u00c7A SOCIAL para a Terra. Mais IGUALDADE, COMPREENS\u00c3O e FRATERNIDADE. As mesmas chances para todos os seres humanos. Trazer luz para aqueles que j\u00e1 n\u00e3o tem mais esperan\u00e7as e contam com poucas for\u00e7as para lutar ou resistir.<\/p>\n\n\n\n<p id=\"paragraph-cb05494\" class=\"paragraph-cb08cb4\">Mais do que levar aux\u00edlio material, educa\u00e7\u00e3o e arte ao &#8220;exclu\u00eddo&#8221;, DESPERTAR aquele que vive em pleno conforto material, mas sem o preenchimento da alma ou sem a vontade de realizar. Chamar aquele que quer fazer algo para mudar o atual quadro de desespero de tantos, mas ainda n\u00e3o sabe por onde come\u00e7ar.<\/p>\n\n\n\n<p id=\"paragraph-c7fca4e\" class=\"paragraph-cde97da\">A ONG Terra Livre abre uma porta para que cada cora\u00e7\u00e3o desperte e haja. Para que n\u00e3o sejamos mais tantos anestesiados, acomodados e acostumados com a mis\u00e9ria, a ignor\u00e2ncia, o sofrimento e a dor do pr\u00f3ximo. Somos seres humanos, irm\u00e3os e a Terra \u00e9 de todos e para todos, sem restri\u00e7\u00f5es e exclus\u00f5es.<\/p>\n\n\n\n<p id=\"paragraph-cac41fb\" class=\"paragraph-cc38149\">O mundo clama por transforma\u00e7\u00e3o agora e n\u00f3s somos os agentes desse salto a caminho da Liberdade.<\/p>\n<\/div>\n\n\n\n<div id=\"div-cd38ed3\" class=\"div-c00846e\">\n<div id=\"div-cab9985\" class=\"div-c7acde3\"><\/div>\n\n\n\n<div id=\"div-cfac230\" class=\"div-ccb558e\">\n<h2 id=\"heading-cb1c89e\" class=\"heading-cd5d516\">Mitzi Amado<\/h2>\n\n\n\n<span id=\"paragraph-c4ebde1\" class=\"paragraph-c93f22b tl-text-item\">co-fundadora<\/span>\n<\/div>\n<\/div>\n<\/div>\n<\/div>\n<\/div><\/section>\n\n\n\n<section id=\"section-cbcb557\" class=\"section-cd0a229 cc-sct\"><div class=\"cc-separator-wrapper-top cc-separator-section-cbcb557\" style=\"--filtertopseparator:none;transform:scaleX(-1)\"><svg class=\"cc-separator-top-self\" xmlns=\"http:\/\/www.w3.org\/2000\/svg\" viewBox=\"0 0 1000 100\" preserveAspectRatio=\"none\"> <path d=\"M0,6V0h1000v100L0,6z\"><\/path><\/svg><\/div><div id=\"section-cbcb557-wrapper\" class=\"section-cd0a229-wrapper cc-wrapper\">\n<div id=\"div-ca1771a\" class=\"div-c155c6a tl-container-content-base\">\n<div id=\"div-c486c56\" class=\"div-c8ed181\">\n<h1 id=\"heading-cd03d05\" class=\"heading-ce05885\">Transpar\u00eancia<\/h1>\n\n\n\n<p id=\"paragraph-ce2ca2e\" class=\"paragraph-c25bea2\">Queremos que voc\u00ea veja a institui\u00e7\u00e3o por dentro: os n\u00fameros, os documentos, os combinados e os relat\u00f3rios. A transpar\u00eancia \u00e9 um dos nossos pilares fundamentais porque queremos construir a confian\u00e7a de que os recursos que voc\u00ea investe aqui est\u00e3o sendo utilizados para alcan\u00e7ar os objetivos estrat\u00e9gicos planejados.<\/p>\n\n\n\n<a id=\"button-cd2ae96\" class=\"button-c51846c tl-button-cta tl-button-cta-default-light cc-btn \" href=\"https:\/\/terralivre.org.br\/en\/transparencia\/\">obter transpar\u00eancia<\/a>\n<\/div>\n\n\n\n<div id=\"columns-c2278c0\" class=\"columns-c0fb490\">\n<div id=\"column-c9d4ca0\" class=\"column-c287ca1 cc-clmn\">\n<img loading=\"lazy\" decoding=\"async\" id=\"image-c778bbd\" class=\"image-c61702e cc-img\" src=\"https:\/\/terralivre.org.br\/wp-content\/uploads\/ICONE-ILUST_SH-TRANSP_ST-OUTLINE-0128_COLOR_TH-D__ESTATUTO.png\" srcset=\"\" sizes=\"auto, (max-width: 128px) 100vw, 128px\" width=\"128\" height=\"128\" alt=\"icone ilustrativo\"\/>\n\n\n\n<span id=\"paragraph-c419451\" class=\"paragraph-c7668a5 tl-heading-item\">Estatuto<\/span>\n<\/div>\n\n\n\n<div id=\"column-ce915fd\" class=\"column-ced7a84 column-c287ca1 cc-clmn\">\n<img loading=\"lazy\" decoding=\"async\" id=\"image-cd0cea3\" class=\"image-c0eaa9d image-c61702e cc-img\" src=\"https:\/\/terralivre.org.br\/wp-content\/uploads\/ICONE-ILUST_SH-TRANSP_ST-OUTLINE-0128_COLOR_TH-D__MONEY.png\" srcset=\"\" sizes=\"auto, (max-width: 128px) 100vw, 128px\" width=\"128\" height=\"128\" alt=\"icone ilustrativo\"\/>\n\n\n\n<span id=\"paragraph-c1fa5ee\" class=\"paragraph-c7a9352 paragraph-c7668a5 tl-heading-item\">Financeiro<\/span>\n<\/div>\n\n\n\n<div id=\"column-c636dc1\" class=\"column-c258788 column-c287ca1 cc-clmn\">\n<img loading=\"lazy\" decoding=\"async\" id=\"image-c0a300a\" class=\"image-cf3125f image-c61702e cc-img\" src=\"https:\/\/terralivre.org.br\/wp-content\/uploads\/ICONE-ILUST_SH-TRANSP_ST-OUTLINE-0128_COLOR_TH-D__DOCUMENTS.png\" srcset=\"\" sizes=\"auto, (max-width: 128px) 100vw, 128px\" width=\"128\" height=\"128\" alt=\"icone ilustrativo\"\/>\n\n\n\n<span id=\"paragraph-c409491\" class=\"paragraph-c3d154e paragraph-c7668a5 tl-heading-item\">Documentos<\/span>\n<\/div>\n<\/div>\n<\/div>\n<\/div><\/section>\n\n\n\n<section id=\"section-c0d2246\" class=\"section-cb50039 cc-sct\"><div class=\"cc-separator-wrapper-bottom cc-separator-section-c0d2246\" style=\"--filterbottomseparator:none;transform:rotateZ(180deg) scaleX(-1)\"><svg style=\"left:0\" class=\"cc-separator-bottom-self\" xmlns=\"http:\/\/www.w3.org\/2000\/svg\" viewBox=\"0 0 1000 458.89\" preserveAspectRatio=\"none\"><defs><style>.a{opacity:.3}<\/style><\/defs><path d=\"M394.87 433.4C488.07 402 572.38 322.71 656.53 241c-73.83 19-145.79 48.57-216.67 77.31-98.09 39.78-199.68 78.93-304.4 86.55 84.78 42.95 173.24 57.58 259.41 28.54zM656.53 241c45.78-11.75 92.27-19.4 139.69-20.19 70.57-1.16 138.4 12.7 203.78 36.37V0c-59.88 17.86-118.67 47.58-174.92 89.39C767.3 132.33 712 187.19 656.53 241zM135.46 404.86C88.86 381.25 43.38 349.08 0 310.9v82.75a378.35 378.35 0 0 0 81.63 12.23 485.13 485.13 0 0 0 53.83-1.02z\" class=\"a\"><\/path><path d=\"M1000 458.89V257.18c-65.38-23.67-133.21-37.53-203.78-36.37-47.42.79-93.91 8.44-139.69 20.19-84.15 81.71-168.46 161-261.66 192.4-86.17 29-174.63 14.41-259.41-28.54a485.13 485.13 0 0 1-53.83 1A378.35 378.35 0 0 1 0 393.65v65.24z\"><\/path><\/svg><\/div><div id=\"section-c0d2246-wrapper\" class=\"section-cb50039-wrapper cc-wrapper\">\n<div id=\"div-c07ecaf\" class=\"div-cf1045d tl-container-content-base\">\n<div id=\"div-cddbc74\" class=\"div-c3127ca\">\n<h1 id=\"heading-cfd868f\" class=\"heading-cbced4e\">Quem somos<\/h1>\n\n\n\n<p id=\"paragraph-ca2fef2\" class=\"paragraph-c3547af\">Descubra mais sobre a ONG Terra Livre. Aqui voc\u00ea encontra detalhes sobre nosso prop\u00f3sito, descobre quem s\u00e3o as pessoas envolvidas com a causa e que fazem a institui\u00e7\u00e3o funcionar, e tamb\u00e9m tem acesso a uma linha do tempo que destaca os principais momentos da ONG ao longo de todos seus anos de exist\u00eancia.<\/p>\n\n\n\n<a id=\"button-c0c6175\" class=\"button-c57e3ab tl-button-cta tl-button-cta-default-light cc-btn \" href=\"https:\/\/terralivre.org.br\/en\/quem-somos\/\">descobrir quem faz parte da ong<\/a>\n<\/div>\n\n\n\n<div id=\"columns-c0c1adb\" class=\"columns-c6d6782\">\n<div id=\"column-c030f1f\" class=\"column-c30f624 cc-clmn\">\n<img loading=\"lazy\" decoding=\"async\" id=\"image-c3a4516\" class=\"image-c0d743a cc-img\" src=\"https:\/\/terralivre.org.br\/wp-content\/uploads\/ICONE-ILUST_SH-TRANSP_ST-OUTLINE-0128_COLOR_TH-D__MISSION.png\" srcset=\"\" sizes=\"auto, (max-width: 128px) 100vw, 128px\" width=\"128\" height=\"128\" alt=\"icone ilustrativo\"\/>\n\n\n\n<span id=\"paragraph-ca8f4b2\" class=\"paragraph-c78c484 tl-heading-item\">Miss\u00e3o<\/span>\n<\/div>\n\n\n\n<div id=\"column-c26e6a0\" class=\"column-c9648d1 column-c287ca1 cc-clmn\">\n<img loading=\"lazy\" decoding=\"async\" id=\"image-c61068b\" class=\"image-cff01e6 image-c61702e cc-img\" src=\"https:\/\/terralivre.org.br\/wp-content\/uploads\/ICONE-ILUST_SH-TRANSP_ST-OUTLINE-0128_COLOR_TH-D__HISTORY.png\" srcset=\"\" sizes=\"auto, (max-width: 128px) 100vw, 128px\" width=\"128\" height=\"128\" alt=\"icone ilustrativo\"\/>\n\n\n\n<span id=\"paragraph-c24e443\" class=\"paragraph-c6c0906 paragraph-c7668a5 tl-heading-item\">Hist\u00f3ria<\/span>\n<\/div>\n\n\n\n<div id=\"column-cd66951\" class=\"column-c85a820 column-c287ca1 cc-clmn\">\n<img loading=\"lazy\" decoding=\"async\" id=\"image-c3fb5b5\" class=\"image-cdc79f8 image-c61702e cc-img\" src=\"https:\/\/terralivre.org.br\/wp-content\/uploads\/ICONE-ILUST_SH-TRANSP_ST-OUTLINE-0128_COLOR_TH-D__TEAM.png\" srcset=\"\" sizes=\"auto, (max-width: 128px) 100vw, 128px\" width=\"128\" height=\"128\" alt=\"icone ilustrativo\"\/>\n\n\n\n<span id=\"paragraph-c98c649\" class=\"paragraph-c7d4481 paragraph-c7668a5 tl-heading-item\">Time<\/span>\n<\/div>\n<\/div>\n<\/div>\n<\/div><\/section>\n\n\n\n<section id=\"section-cb1f114\" class=\"section-c86ff35 cc-sct\"><div id=\"section-cb1f114-wrapper\" class=\"section-c86ff35-wrapper cc-wrapper\">\n<div id=\"div-cecad7a\" class=\"div-cf273fb tl-container-content-base\">\n<div id=\"div-c9445d6\" class=\"div-c4f6860\">\n<h1 id=\"heading-c7756ae\" class=\"heading-c91af54\">Como atuamos<\/h1>\n\n\n\n<p id=\"paragraph-ca9e8f8\" class=\"paragraph-cc7c14c\">O Terra Livre dedica-se \u00e0 garantia dos direitos de crian\u00e7as e adolescentes, proporcionando mais oportunidades de cuidado e educa\u00e7\u00e3o para crian\u00e7as e adolescentes em situa\u00e7\u00e3o de vulnerabilidade social. Tamb\u00e9m atua na conscientiza\u00e7\u00e3o de jovens privilegiados para estimular e sensibilizar suas capacidades altru\u00edstas, trabalhando assim na forma\u00e7\u00e3o de mais agentes de transforma\u00e7\u00e3o para uma sociedade mais amorosa, humana e fraterna.<\/p>\n\n\n\n<a id=\"button-c63ae8a\" class=\"button-c034ad2 tl-button-cta tl-button-cta-default-dark cc-btn \" href=\"https:\/\/terralivre.org.br\/en\/como-atuamos\/\">descobrir como a ong atua<\/a>\n\n\n\n<div id=\"div-c16f755\" class=\"div-cd3db4b\">\n<div id=\"icon-ca09d0f\" class=\"icon-cf5590a cc-icn\" data-tooltip=\"EM CONSTRU\u00c7\u00c3O\" data-tooltiparrow=\"true\" data-tooltipanimation=\"shift-toward\" data-tooltipplace=\"bottom\" data-tooltipduration=\"0.4\" data-theme=\"light\"><svg xmlns=\"http:\/\/www.w3.org\/2000\/svg\" viewBox=\"0 0 32 32\"><path d=\"M31.342 25.559l-14.392-12.336c0.67-1.259 1.051-2.696 1.051-4.222 0-4.971-4.029-9-9-9-0.909 0-1.787 0.135-2.614 0.386l5.2 5.2c0.778 0.778 0.778 2.051 0 2.828l-3.172 3.172c-0.778 0.778-2.051 0.778-2.828 0l-5.2-5.2c-0.251 0.827-0.386 1.705-0.386 2.614 0 4.971 4.029 9 9 9 1.526 0 2.963-0.38 4.222-1.051l12.336 14.392c0.716 0.835 1.938 0.882 2.716 0.104l3.172-3.172c0.778-0.778 0.731-2-0.104-2.716z\"><\/path><\/svg><\/div>\n\n\n\n<div id=\"div-cbc5637\" class=\"div-c11f4bb\">\n<span id=\"paragraph-cc5afd4\" class=\"paragraph-ce8f609 tl-heading-support\">em constru\u00e7\u00e3o<\/span>\n\n\n\n<span id=\"paragraph-c26ab7c\" class=\"paragraph-c1a91bd\">mais informa\u00e7\u00f5es em breve<\/span>\n<\/div>\n<\/div>\n<\/div>\n\n\n\n<div id=\"columns-cea4103\" class=\"columns-c63aa8c\">\n<div id=\"column-caab66a\" class=\"column-c5118aa cc-clmn\">\n<img loading=\"lazy\" decoding=\"async\" id=\"image-c2c2700\" class=\"image-cd13f02 cc-img\" src=\"https:\/\/terralivre.org.br\/wp-content\/uploads\/ICONE-ILUST_SH-TRANSP_ST-OUTLINE-0128_COLOR_TH-L__PROGRAM.png\" srcset=\"\" sizes=\"auto, (max-width: 128px) 100vw, 128px\" width=\"128\" height=\"128\" alt=\"icone ilustrativo\"\/>\n\n\n\n<span id=\"paragraph-c630334\" class=\"paragraph-ca7e8ac tl-heading-item\">Programas<\/span>\n<\/div>\n\n\n\n<div id=\"column-c686638\" class=\"column-c41b035 column-c287ca1 cc-clmn\">\n<img loading=\"lazy\" decoding=\"async\" id=\"image-caab5e0\" class=\"image-c03a782 image-c61702e cc-img\" src=\"https:\/\/terralivre.org.br\/wp-content\/uploads\/ICONE-ILUST_SH-TRANSP_ST-OUTLINE-0128_COLOR_TH-L__EVENT.png\" srcset=\"\" sizes=\"auto, (max-width: 128px) 100vw, 128px\" width=\"128\" height=\"128\" alt=\"icone ilustrativo\"\/>\n\n\n\n<span id=\"paragraph-cd25a56\" class=\"paragraph-cbf12f0 paragraph-ca7e8ac tl-heading-item\">Eventos<\/span>\n<\/div>\n<\/div>\n<\/div>\n\n\n\n<img loading=\"lazy\" decoding=\"async\" id=\"image-cb8bdec\" class=\"image-c93bb54 cc-img\" src=\"https:\/\/terralivre.org.br\/wp-content\/uploads\/ARTEGRAFICA_P-SOBRE_TEXTURA_COMO-ATUAMOS.png\" srcset=\"https:\/\/terralivre.org.br\/wp-content\/uploads\/ARTEGRAFICA_P-SOBRE_TEXTURA_COMO-ATUAMOS.png 1139w, https:\/\/terralivre.org.br\/wp-content\/uploads\/ARTEGRAFICA_P-SOBRE_TEXTURA_COMO-ATUAMOS-280x300.png 280w, https:\/\/terralivre.org.br\/wp-content\/uploads\/ARTEGRAFICA_P-SOBRE_TEXTURA_COMO-ATUAMOS-957x1024.png 957w, https:\/\/terralivre.org.br\/wp-content\/uploads\/ARTEGRAFICA_P-SOBRE_TEXTURA_COMO-ATUAMOS-768x822.png 768w\" sizes=\"auto, (max-width: 1139px) 100vw, 1139px\" width=\"1139\" height=\"1219\" alt=\"textura de fundo\"\/>\n<\/div><\/section>\n","protected":false},"excerpt":{"rendered":"","protected":false},"author":1,"featured_media":0,"parent":0,"menu_order":12,"comment_status":"closed","ping_status":"closed","template":"","meta":{"_acf_changed":false,"footnotes":""},"class_list":["post-1468","page","type-page","status-publish","hentry"],"acf":[],"_links":{"self":[{"href":"https:\/\/terralivre.org.br\/en\/wp-json\/wp\/v2\/pages\/1468","targetHints":{"allow":["GET"]}}],"collection":[{"href":"https:\/\/terralivre.org.br\/en\/wp-json\/wp\/v2\/pages"}],"about":[{"href":"https:\/\/terralivre.org.br\/en\/wp-json\/wp\/v2\/types\/page"}],"author":[{"embeddable":true,"href":"https:\/\/terralivre.org.br\/en\/wp-json\/wp\/v2\/users\/1"}],"replies":[{"embeddable":true,"href":"https:\/\/terralivre.org.br\/en\/wp-json\/wp\/v2\/comments?post=1468"}],"version-history":[{"count":0,"href":"https:\/\/terralivre.org.br\/en\/wp-json\/wp\/v2\/pages\/1468\/revisions"}],"wp:attachment":[{"href":"https:\/\/terralivre.org.br\/en\/wp-json\/wp\/v2\/media?parent=1468"}],"curies":[{"name":"wp","href":"https:\/\/api.w.org\/{rel}","templated":true}]}}