{"id":1451,"date":"2023-03-06T14:50:19","date_gmt":"2023-03-06T17:50:19","guid":{"rendered":"https:\/\/terralivre.local\/contact\/"},"modified":"2023-03-20T13:40:23","modified_gmt":"2023-03-20T16:40:23","slug":"contact","status":"publish","type":"page","link":"https:\/\/terralivre.org.br\/en\/contact\/","title":{"rendered":"Contact"},"content":{"rendered":"\n<section id=\"section-cb6c266\" class=\"section-ce78201 cc-sct\"><div id=\"section-cb6c266-wrapper\" class=\"section-ce78201-wrapper cc-wrapper\">\n<div id=\"div-cfe6349\" class=\"div-ce3dbc6 tl-container-content-base\">\n<div id=\"div-c9fff79\" class=\"div-cc4ce08\">\n<h1 id=\"heading-c43f1ee&lt;wpml_curved wpml_value='idadd'&gt;&lt;\/wpml_curved&gt;\" class=\"heading-c90ee6d\">Talk to us<\/h1>\n\n\n\n<p id=\"paragraph-c43c631&lt;wpml_curved wpml_value='idadd'&gt;&lt;\/wpml_curved&gt;\" class=\"paragraph-c673ef3\">Use these communication channels to get in touch with us by phone (we also respond via WhatsApp) or by e-mail.<\/p>\n\n\n\n<p id=\"paragraph-ce4e415&lt;wpml_curved wpml_value='idadd'&gt;&lt;\/wpml_curved&gt;\" class=\"paragraph-c791065\">And visit us! Come and see our facilities in person. The children and us are going to love to welcome you.  <\/p>\n<\/div>\n\n\n\n<div id=\"div-cbe6438\" class=\"div-c60cb9b\">\n<div id=\"div-c74b2f6\" class=\"div-c118a07\">\n<div id=\"div-ca43847\" class=\"div-c2aacd6\">\n<span id=\"paragraph-cbea964&lt;wpml_curved wpml_value='idadd'&gt;&lt;\/wpml_curved&gt;\" class=\"paragraph-cc7e10d &lt;wpml_curved wpml_value='gcl'&gt;&lt;\/wpml_curved&gt;\">phone<\/span>\n\n\n\n<span id=\"paragraph-ccf1f5f&lt;wpml_curved wpml_value='idadd'&gt;&lt;\/wpml_curved&gt;\" class=\"paragraph-c646be4 &lt;wpml_curved wpml_value='gcl'&gt;&lt;\/wpml_curved&gt;\">+55 62 3278-4250<\/span>\n\n\n\n<span id=\"paragraph-c5389f4&lt;wpml_curved wpml_value='idadd'&gt;&lt;\/wpml_curved&gt;\" class=\"paragraph-c7f8584 &lt;wpml_curved wpml_value='gcl'&gt;&lt;\/wpml_curved&gt;\">+55 62 99614-5070<\/span>\n<\/div>\n\n\n\n<div id=\"div-c842ab2\" class=\"div-c285e48\">\n<span id=\"paragraph-ca63b75&lt;wpml_curved wpml_value='idadd'&gt;&lt;\/wpml_curved&gt;\" class=\"paragraph-c8869d7 &lt;wpml_curved wpml_value='gcl'&gt;&lt;\/wpml_curved&gt;\">e-mail<\/span>\n\n\n\n<span id=\"paragraph-c5039cd&lt;wpml_curved wpml_value='idadd'&gt;&lt;\/wpml_curved&gt;\" class=\"paragraph-c4da5fa &lt;wpml_curved wpml_value='gcl'&gt;&lt;\/wpml_curved&gt;\">comunicacao@terralivre.org.br<\/span>\n<\/div>\n<\/div>\n\n\n\n<div id=\"div-c4a88d9\" class=\"div-cb64bee\">\n<div id=\"div-c74cfef\" class=\"div-caa02bd\">\n<div id=\"icon-ca3db7c&lt;wpml_curved wpml_value='idadd'&gt;&lt;\/wpml_curved&gt;\" class=\"icon-cd2b07c cc-icn\"><\/div>\n\n\n\n<span id=\"paragraph-c49c9ca&lt;wpml_curved wpml_value='idadd'&gt;&lt;\/wpml_curved&gt;\" class=\"paragraph-cc2be95 &lt;wpml_curved wpml_value='gcl'&gt;&lt;\/wpml_curved&gt;\">address<\/span>\n<\/div>\n\n\n\n<span id=\"paragraph-c145f56&lt;wpml_curved wpml_value='idadd'&gt;&lt;\/wpml_curved&gt;\" class=\"paragraph-c413e7e &lt;wpml_curved wpml_value='gcl'&gt;&lt;\/wpml_curved&gt;\">Rua Tamboril, qd.11, lt.9 (corner with Rua Vinh\u00e1tico)<\/span>\n\n\n\n<span id=\"paragraph-c5c0072&lt;wpml_curved wpml_value='idadd'&gt;&lt;\/wpml_curved&gt;\" class=\"paragraph-ca3bbdb &lt;wpml_curved wpml_value='gcl'&gt;&lt;\/wpml_curved&gt;\">Residencial Cara\u00edbas &#8211; Aparecida de Goi\u00e2nia, Goi\u00e1s &#8211; Brazil<\/span>\n<\/div>\n\n\n\n<img loading=\"lazy\" decoding=\"async\" id=\"image-c064906&lt;wpml_curved wpml_value='idadd'&gt;&lt;\/wpml_curved&gt;\" class=\"image-cad1082 cc-img\" src=\"https:\/\/terralivre.org.br\/wp-content\/uploads\/ARTEGRAFICA_P-CONTATO_TEXTURA_FALE-CONOSCO_001.png\" srcset=\"https:\/\/terralivre.org.br\/wp-content\/uploads\/ARTEGRAFICA_P-CONTATO_TEXTURA_FALE-CONOSCO_001.png 792w, https:\/\/terralivre.org.br\/wp-content\/uploads\/ARTEGRAFICA_P-CONTATO_TEXTURA_FALE-CONOSCO_001-300x242.png 300w, https:\/\/terralivre.org.br\/wp-content\/uploads\/ARTEGRAFICA_P-CONTATO_TEXTURA_FALE-CONOSCO_001-768x620.png 768w\" sizes=\"auto, (max-width: 792px) 100vw, 792px\" width=\"792\" height=\"639\" alt=\"textura de fundo\">\n<\/div>\n<\/div>\n<\/div><\/section>\n\n<section id=\"section-ccb5d12\" class=\"section-c561ba9 cc-sct\"><div id=\"section-ccb5d12-wrapper\" class=\"section-c561ba9-wrapper cc-wrapper\">\n<div id=\"maps-c69c689&lt;wpml_curved wpml_value='idadd'&gt;&lt;\/wpml_curved&gt;\" class=\"maps-c28ae76 &lt;wpml_curved wpml_value='gcl'&gt;&lt;\/wpml_curved&gt; cc-maps\"><div id=\"cc-gmap-maps-c69c689&lt;wpml_curved wpml_value='idadd'&gt;&lt;\/wpml_curved&gt;\" class=\"cc-gmap-wrapper\" data-ccmaps=\"true\" data-id=\"maps-c69c689\" data-zoom=\"14\" data-lng=\"48.8706366\" data-lat=\"2.3320857\"><\/div><\/div>\n\n\n\n<div id=\"div-c3be2b6\" class=\"div-c9a24d7\">\n<div id=\"icon-c96a6db&lt;wpml_curved wpml_value='idadd'&gt;&lt;\/wpml_curved&gt;\" class=\"icon-c37d7d1 cc-icn\" data-tooltip=\"EM CONSTRU\u00c7\u00c3O\" data-tooltiparrow=\"true\" data-tooltipanimation=\"shift-toward\" data-tooltipplace=\"bottom\" data-tooltipduration=\"0.4\" data-theme=\"light\"><svg xmlns=\"http:\/\/www.w3.org\/2000\/svg\" viewbox=\"0 0 32 32\"><path d=\"M31.342 25.559l-14.392-12.336c0.67-1.259 1.051-2.696 1.051-4.222 0-4.971-4.029-9-9-9-0.909 0-1.787 0.135-2.614 0.386l5.2 5.2c0.778 0.778 0.778 2.051 0 2.828l-3.172 3.172c-0.778 0.778-2.051 0.778-2.828 0l-5.2-5.2c-0.251 0.827-0.386 1.705-0.386 2.614 0 4.971 4.029 9 9 9 1.526 0 2.963-0.38 4.222-1.051l12.336 14.392c0.716 0.835 1.938 0.882 2.716 0.104l3.172-3.172c0.778-0.778 0.731-2-0.104-2.716z\"><\/path><\/svg><\/div>\n\n\n\n<div id=\"div-c977d8e\" class=\"div-ca202ed\">\n<span id=\"paragraph-cd11797&lt;wpml_curved wpml_value='idadd'&gt;&lt;\/wpml_curved&gt;\" class=\"paragraph-c69ca31 &lt;wpml_curved wpml_value='gcl'&gt;&lt;\/wpml_curved&gt;\">under construction<\/span>\n\n\n\n<span id=\"paragraph-ca20ea3&lt;wpml_curved wpml_value='idadd'&gt;&lt;\/wpml_curved&gt;\" class=\"paragraph-c847a0f\">more information soon<\/span>\n<\/div>\n<\/div>\n<\/div><\/section>\n\n<section id=\"section-ca55cfb\" class=\"section-c67efda cc-sct\"><div id=\"section-ca55cfb-wrapper\" class=\"section-c67efda-wrapper cc-wrapper\">\n<div id=\"div-cdaabff\" class=\"div-c229812 tl-container-content-base\">\n<h1 id=\"heading-ce5a168&lt;wpml_curved wpml_value='idadd'&gt;&lt;\/wpml_curved&gt;\" class=\"heading-c0e4a17\">Join our community<\/h1>\n\n\n\n<p id=\"paragraph-cbaf6bf&lt;wpml_curved wpml_value='idadd'&gt;&lt;\/wpml_curved&gt;\" class=\"paragraph-c668aa5\">Also, visit our YouTube channel and our social media.<\/p>\n<\/div>\n<\/div><\/section>\n\n<section id=\"section-ca54a2c\" class=\"section-cca661b cc-sct\"><div id=\"section-ca54a2c-wrapper\" class=\"section-cca661b-wrapper cc-wrapper\">\n<div id=\"div-c99006d\" class=\"div-c140025 tl-container-content-base\">\n<div id=\"columns-c2b7e0b\" class=\"columns-cb885b0\">\n<div id=\"column-c7a80e1\" class=\"column-cf1b874 tl-effect-shadow-panel cc-clmn\">\n<div id=\"div-c59811d\" class=\"div-cd0eb6d\">\n<div id=\"icon-cb507e0&lt;wpml_curved wpml_value='idadd'&gt;&lt;\/wpml_curved&gt;\" class=\"icon-c252ac3 cc-icn\"><\/div>\n\n\n\n<span id=\"paragraph-c23941c&lt;wpml_curved wpml_value='idadd'&gt;&lt;\/wpml_curved&gt;\" class=\"paragraph-c88f1b6 &lt;wpml_curved wpml_value='gcl'&gt;&lt;\/wpml_curved&gt;\">WhatsApp<\/span>\n\n\n\n<span id=\"paragraph-c66315b&lt;wpml_curved wpml_value='idadd'&gt;&lt;\/wpml_curved&gt;\" class=\"paragraph-c0bb31e &lt;wpml_curved wpml_value='gcl'&gt;&lt;\/wpml_curved&gt;\">To receive on your cellphone monthly news about the NGO calendar events, just send us a message with your full name to our WhatsApp number:<\/span>\n<\/div>\n\n\n\n<a id=\"paragraph-c4a4261&lt;wpml_curved wpml_value='idadd'&gt;&lt;\/wpml_curved&gt;\" class=\"paragraph-c9fca14\" href=\"https:\/\/api.whatsapp.com\/send?phone=62996145070\" rel=\"noopener\" target=\"_self\">(62) 99614-5070<\/a>\n<\/div>\n\n\n\n<div id=\"column-c6d450b\" class=\"column-cb4b982 column-cf1b874 tl-effect-shadow-panel cc-clmn\">\n<div id=\"div-c914efb\" class=\"div-cdc0f68 div-cd0eb6d\">\n<div id=\"icon-c190d27&lt;wpml_curved wpml_value='idadd'&gt;&lt;\/wpml_curved&gt;\" class=\"icon-c0b879a cc-icn\"><svg xmlns=\"http:\/\/www.w3.org\/2000\/svg\" viewbox=\"0 0 28 28\"><path d=\"M11.109 17.625l7.562-3.906-7.562-3.953v7.859zM14 4.156c5.891 0 9.797 0.281 9.797 0.281 0.547 0.063 1.75 0.063 2.812 1.188 0 0 0.859 0.844 1.109 2.781 0.297 2.266 0.281 4.531 0.281 4.531v2.125s0.016 2.266-0.281 4.531c-0.25 1.922-1.109 2.781-1.109 2.781-1.062 1.109-2.266 1.109-2.812 1.172 0 0-3.906 0.297-9.797 0.297v0c-7.281-0.063-9.516-0.281-9.516-0.281-0.625-0.109-2.031-0.078-3.094-1.188 0 0-0.859-0.859-1.109-2.781-0.297-2.266-0.281-4.531-0.281-4.531v-2.125s-0.016-2.266 0.281-4.531c0.25-1.937 1.109-2.781 1.109-2.781 1.062-1.125 2.266-1.125 2.812-1.188 0 0 3.906-0.281 9.797-0.281v0z\"><\/path><\/svg><\/div>\n\n\n\n<span id=\"paragraph-c06b3fa&lt;wpml_curved wpml_value='idadd'&gt;&lt;\/wpml_curved&gt;\" class=\"paragraph-c8d5a7a paragraph-c88f1b6 &lt;wpml_curved wpml_value='gcl'&gt;&lt;\/wpml_curved&gt;\">YouTube<\/span>\n\n\n\n<span id=\"paragraph-c4ac316&lt;wpml_curved wpml_value='idadd'&gt;&lt;\/wpml_curved&gt;\" class=\"paragraph-c8a3e38 &lt;wpml_curved wpml_value='gcl'&gt;&lt;\/wpml_curved&gt;\">Subscribe to our YouTube channel and activate the notifications so you don&#8217;t miss any new videos we publish.<\/span>\n<\/div>\n\n\n\n<a id=\"button-ca64e62&lt;wpml_curved wpml_value='idadd'&gt;&lt;\/wpml_curved&gt;\" class=\"button-c753d1e &lt;wpml_curved wpml_value='gcl'&gt;&lt;\/wpml_curved&gt; cc-btn\" href=\"https:\/\/youtube.com\/@ongterralivre\" rel=\"noopener\" target=\"_blank\">access channel<\/a>\n<\/div>\n\n\n\n<div id=\"column-cdedfb3\" class=\"column-c9a1b2f column-cf1b874 tl-effect-shadow-panel cc-clmn\">\n<div id=\"div-c662060\" class=\"div-ce70c0a div-cd0eb6d\">\n<div id=\"icon-c342d70&lt;wpml_curved wpml_value='idadd'&gt;&lt;\/wpml_curved&gt;\" class=\"icon-c7a8de2 cc-icn\"><svg xmlns=\"http:\/\/www.w3.org\/2000\/svg\" viewbox=\"0 0 24 28\"><path d=\"M19.5 2c2.484 0 4.5 2.016 4.5 4.5v15c0 2.484-2.016 4.5-4.5 4.5h-2.938v-9.297h3.109l0.469-3.625h-3.578v-2.312c0-1.047 0.281-1.75 1.797-1.75l1.906-0.016v-3.234c-0.328-0.047-1.469-0.141-2.781-0.141-2.766 0-4.672 1.687-4.672 4.781v2.672h-3.125v3.625h3.125v9.297h-8.313c-2.484 0-4.5-2.016-4.5-4.5v-15c0-2.484 2.016-4.5 4.5-4.5h15z\"><\/path><\/svg><\/div>\n\n\n\n<span id=\"paragraph-c0ccd6e&lt;wpml_curved wpml_value='idadd'&gt;&lt;\/wpml_curved&gt;\" class=\"paragraph-cf56479 paragraph-c88f1b6 &lt;wpml_curved wpml_value='gcl'&gt;&lt;\/wpml_curved&gt;\">Facebook<\/span>\n\n\n\n<span id=\"paragraph-caedebe&lt;wpml_curved wpml_value='idadd'&gt;&lt;\/wpml_curved&gt;\" class=\"paragraph-c6573a4 &lt;wpml_curved wpml_value='gcl'&gt;&lt;\/wpml_curved&gt;\">Visit our Facebook page and follow us so you can be up to date with every new content posts.<\/span>\n<\/div>\n\n\n\n<a id=\"button-c2bec98&lt;wpml_curved wpml_value='idadd'&gt;&lt;\/wpml_curved&gt;\" class=\"button-c703b1b &lt;wpml_curved wpml_value='gcl'&gt;&lt;\/wpml_curved&gt; cc-btn\" href=\"https:\/\/facebook.com\/organizacaoterralivre\" rel=\"noopener\" target=\"_blank\">visit page<\/a>\n<\/div>\n\n\n\n<div id=\"column-c27ba97\" class=\"column-c0f2f0a column-cf1b874 tl-effect-shadow-panel cc-clmn\">\n<div id=\"div-c18a556\" class=\"div-c461d84 div-cd0eb6d\">\n<div id=\"icon-cd567ba&lt;wpml_curved wpml_value='idadd'&gt;&lt;\/wpml_curved&gt;\" class=\"icon-cc2f1d3 cc-icn\"><svg xmlns=\"http:\/\/www.w3.org\/2000\/svg\" viewbox=\"0 0 24 28\"><path d=\"M16 14c0-2.203-1.797-4-4-4s-4 1.797-4 4 1.797 4 4 4 4-1.797 4-4zM18.156 14c0 3.406-2.75 6.156-6.156 6.156s-6.156-2.75-6.156-6.156 2.75-6.156 6.156-6.156 6.156 2.75 6.156 6.156zM19.844 7.594c0 0.797-0.641 1.437-1.437 1.437s-1.437-0.641-1.437-1.437 0.641-1.437 1.437-1.437 1.437 0.641 1.437 1.437zM12 4.156c-1.75 0-5.5-0.141-7.078 0.484-0.547 0.219-0.953 0.484-1.375 0.906s-0.688 0.828-0.906 1.375c-0.625 1.578-0.484 5.328-0.484 7.078s-0.141 5.5 0.484 7.078c0.219 0.547 0.484 0.953 0.906 1.375s0.828 0.688 1.375 0.906c1.578 0.625 5.328 0.484 7.078 0.484s5.5 0.141 7.078-0.484c0.547-0.219 0.953-0.484 1.375-0.906s0.688-0.828 0.906-1.375c0.625-1.578 0.484-5.328 0.484-7.078s0.141-5.5-0.484-7.078c-0.219-0.547-0.484-0.953-0.906-1.375s-0.828-0.688-1.375-0.906c-1.578-0.625-5.328-0.484-7.078-0.484zM24 14c0 1.656 0.016 3.297-0.078 4.953-0.094 1.922-0.531 3.625-1.937 5.031s-3.109 1.844-5.031 1.937c-1.656 0.094-3.297 0.078-4.953 0.078s-3.297 0.016-4.953-0.078c-1.922-0.094-3.625-0.531-5.031-1.937s-1.844-3.109-1.937-5.031c-0.094-1.656-0.078-3.297-0.078-4.953s-0.016-3.297 0.078-4.953c0.094-1.922 0.531-3.625 1.937-5.031s3.109-1.844 5.031-1.937c1.656-0.094 3.297-0.078 4.953-0.078s3.297-0.016 4.953 0.078c1.922 0.094 3.625 0.531 5.031 1.937s1.844 3.109 1.937 5.031c0.094 1.656 0.078 3.297 0.078 4.953z\"><\/path><\/svg><\/div>\n\n\n\n<span id=\"paragraph-c8eefc4&lt;wpml_curved wpml_value='idadd'&gt;&lt;\/wpml_curved&gt;\" class=\"paragraph-c2b3f35 paragraph-c88f1b6 &lt;wpml_curved wpml_value='gcl'&gt;&lt;\/wpml_curved&gt;\">Instagram<\/span>\n\n\n\n<span id=\"paragraph-cda0507&lt;wpml_curved wpml_value='idadd'&gt;&lt;\/wpml_curved&gt;\" class=\"paragraph-c6575a4 &lt;wpml_curved wpml_value='gcl'&gt;&lt;\/wpml_curved&gt;\">Follow our Instagram profile to get to know our behind the scenes and calendar events.<\/span>\n<\/div>\n\n\n\n<a id=\"button-ce3fe9f&lt;wpml_curved wpml_value='idadd'&gt;&lt;\/wpml_curved&gt;\" class=\"button-c671f20 &lt;wpml_curved wpml_value='gcl'&gt;&lt;\/wpml_curved&gt; cc-btn\" href=\"https:\/\/instagram.com\/ongterralivre\" rel=\"noopener\" target=\"_blank\">visit profile<\/a>\n<\/div>\n<\/div>\n<\/div>\n<\/div><\/section>\n\n<section id=\"section-c35a499\" class=\"section-c991af8 cc-sct\"><div id=\"section-c35a499-wrapper\" class=\"section-c991af8-wrapper cc-wrapper\">\n<div id=\"div-c416c81\" class=\"div-cb7d2dd tl-container-content-base\">\n<h1 id=\"heading-c3f9a98&lt;wpml_curved wpml_value='idadd'&gt;&lt;\/wpml_curved&gt;\" class=\"heading-ceb2d04\">Send us a message<\/h1>\n\n\n\n<p id=\"paragraph-cc18db4&lt;wpml_curved wpml_value='idadd'&gt;&lt;\/wpml_curved&gt;\" class=\"paragraph-cd82c25\">Through the contact form below you can get in touch with us by e-mail. Just fill your name, your e-mail address (so we can reply to you) and write us the message you wish to send us. <\/p>\n\n\n\n<form id=\"div-c74f58b\" class=\"div-c3456d5\">\n<input id=\"input-c5b26e1&lt;wpml_curved wpml_value='idadd'&gt;&lt;\/wpml_curved&gt;\" class=\"input-c575dcf &lt;wpml_curved wpml_value='gcl'&gt;&lt;\/wpml_curved&gt;\" type=\"text\" placeholder=\"what's you name?\" disabled>\n\n\n\n<input id=\"input-c2a1f95&lt;wpml_curved wpml_value='idadd'&gt;&lt;\/wpml_curved&gt;\" class=\"input-c502de8 &lt;wpml_curved wpml_value='gcl'&gt;&lt;\/wpml_curved&gt;\" type=\"email\" placeholder=\"what's your e-mail\" disabled>\n\n\n\n<input id=\"input-c3e69b2&lt;wpml_curved wpml_value='idadd'&gt;&lt;\/wpml_curved&gt;\" class=\"input-c9939d8 &lt;wpml_curved wpml_value='gcl'&gt;&lt;\/wpml_curved&gt;\" type=\"text\" placeholder=\"write your message here...\" disabled>\n\n\n\n<div id=\"button-c1cc230&lt;wpml_curved wpml_value='idadd'&gt;&lt;\/wpml_curved&gt;\" class=\"button-c6754cb &lt;wpml_curved wpml_value='gcl'&gt;&lt;\/wpml_curved&gt; cc-btn\">send<\/div>\n\n\n\n<div id=\"div-cbbcc78\" class=\"div-c113cff\">\n<div id=\"icon-cf53554&lt;wpml_curved wpml_value='idadd'&gt;&lt;\/wpml_curved&gt;\" class=\"icon-ccaf235 cc-icn\" data-tooltip=\"EM CONSTRU\u00c7\u00c3O\" data-tooltiparrow=\"true\" data-tooltipanimation=\"shift-toward\" data-tooltipplace=\"bottom\" data-tooltipduration=\"0.4\" data-theme=\"light\"><svg xmlns=\"http:\/\/www.w3.org\/2000\/svg\" viewbox=\"0 0 32 32\"><path d=\"M31.342 25.559l-14.392-12.336c0.67-1.259 1.051-2.696 1.051-4.222 0-4.971-4.029-9-9-9-0.909 0-1.787 0.135-2.614 0.386l5.2 5.2c0.778 0.778 0.778 2.051 0 2.828l-3.172 3.172c-0.778 0.778-2.051 0.778-2.828 0l-5.2-5.2c-0.251 0.827-0.386 1.705-0.386 2.614 0 4.971 4.029 9 9 9 1.526 0 2.963-0.38 4.222-1.051l12.336 14.392c0.716 0.835 1.938 0.882 2.716 0.104l3.172-3.172c0.778-0.778 0.731-2-0.104-2.716z\"><\/path><\/svg><\/div>\n\n\n\n<div id=\"div-cf9992a\" class=\"div-cfa1e23\">\n<span id=\"paragraph-cf1a39a&lt;wpml_curved wpml_value='idadd'&gt;&lt;\/wpml_curved&gt;\" class=\"paragraph-cc816b3 &lt;wpml_curved wpml_value='gcl'&gt;&lt;\/wpml_curved&gt;\">under construction<\/span>\n\n\n\n<span id=\"paragraph-c520bf0&lt;wpml_curved wpml_value='idadd'&gt;&lt;\/wpml_curved&gt;\" class=\"paragraph-c26f779\">more information soon<\/span>\n<\/div>\n<\/div>\n<\/form>\n<\/div>\n\n\n\n<img loading=\"lazy\" decoding=\"async\" id=\"image-cc61ef1&lt;wpml_curved wpml_value='idadd'&gt;&lt;\/wpml_curved&gt;\" class=\"image-c2b2f9e cc-img\" src=\"https:\/\/terralivre.org.br\/wp-content\/uploads\/ARTEGRAFICA_P-CONTATO_CENA_CRIANCA-EXPLORANDO.png\" srcset=\"https:\/\/terralivre.org.br\/wp-content\/uploads\/ARTEGRAFICA_P-CONTATO_CENA_CRIANCA-EXPLORANDO.png 1298w, https:\/\/terralivre.org.br\/wp-content\/uploads\/ARTEGRAFICA_P-CONTATO_CENA_CRIANCA-EXPLORANDO-291x300.png 291w, https:\/\/terralivre.org.br\/wp-content\/uploads\/ARTEGRAFICA_P-CONTATO_CENA_CRIANCA-EXPLORANDO-993x1024.png 993w, https:\/\/terralivre.org.br\/wp-content\/uploads\/ARTEGRAFICA_P-CONTATO_CENA_CRIANCA-EXPLORANDO-768x792.png 768w\" sizes=\"auto, (max-width: 1298px) 100vw, 1298px\" width=\"1298\" height=\"1338\" alt=\"crian\u00e7a explorando\">\n<\/div><\/section>\n","protected":false},"excerpt":{"rendered":"","protected":false},"author":1,"featured_media":0,"parent":0,"menu_order":4,"comment_status":"closed","ping_status":"closed","template":"","meta":{"_acf_changed":false,"footnotes":""},"class_list":["post-1451","page","type-page","status-publish","hentry"],"acf":[],"_links":{"self":[{"href":"https:\/\/terralivre.org.br\/en\/wp-json\/wp\/v2\/pages\/1451","targetHints":{"allow":["GET"]}}],"collection":[{"href":"https:\/\/terralivre.org.br\/en\/wp-json\/wp\/v2\/pages"}],"about":[{"href":"https:\/\/terralivre.org.br\/en\/wp-json\/wp\/v2\/types\/page"}],"author":[{"embeddable":true,"href":"https:\/\/terralivre.org.br\/en\/wp-json\/wp\/v2\/users\/1"}],"replies":[{"embeddable":true,"href":"https:\/\/terralivre.org.br\/en\/wp-json\/wp\/v2\/comments?post=1451"}],"version-history":[{"count":0,"href":"https:\/\/terralivre.org.br\/en\/wp-json\/wp\/v2\/pages\/1451\/revisions"}],"wp:attachment":[{"href":"https:\/\/terralivre.org.br\/en\/wp-json\/wp\/v2\/media?parent=1451"}],"curies":[{"name":"wp","href":"https:\/\/api.w.org\/{rel}","templated":true}]}}